{"id":39,"date":"2025-09-16T08:27:28","date_gmt":"2025-09-16T08:27:28","guid":{"rendered":"http:\/\/karyaotogaz.com\/?page_id=39"},"modified":"2025-09-16T08:46:15","modified_gmt":"2025-09-16T08:46:15","slug":"karya-otogaz-sistemleri","status":"publish","type":"page","link":"https:\/\/karyaotogaz.com\/","title":{"rendered":"Karya Otogaz Sistemleri  Mu\u011fla"},"content":{"rendered":"\n<p>Mu\u011fla Sanayi&#8217;de bulunan Oto\u011faz sistemleri ,E\u011fzoz emisyon Oto\u011faz sistemleri yenileme tamir bak\u0131m servisi.<\/p>\n\n\n\n<figure class=\"wp-block-gallery has-nested-images columns-default is-cropped wp-block-gallery-1 is-layout-flex wp-block-gallery-is-layout-flex\">\n<figure data-wp-context=\"{&quot;imageId&quot;:&quot;69e238ffb0e25&quot;}\" data-wp-interactive=\"core\/image\" class=\"wp-block-image size-large wp-lightbox-container\"><img loading=\"lazy\" decoding=\"async\" width=\"1024\" height=\"768\" data-wp-class--hide=\"state.isContentHidden\" data-wp-class--show=\"state.isContentVisible\" data-wp-init=\"callbacks.setButtonStyles\" data-wp-on-async--click=\"actions.showLightbox\" data-wp-on-async--load=\"callbacks.setButtonStyles\" data-wp-on-async-window--resize=\"callbacks.setButtonStyles\" data-id=\"12\" src=\"http:\/\/karyaotogaz.com\/wp-content\/uploads\/2025\/09\/20250729_174400-1024x768.jpg\" alt=\"\" class=\"wp-image-12\" srcset=\"https:\/\/karyaotogaz.com\/wp-content\/uploads\/2025\/09\/20250729_174400-1024x768.jpg 1024w, https:\/\/karyaotogaz.com\/wp-content\/uploads\/2025\/09\/20250729_174400-300x225.jpg 300w, https:\/\/karyaotogaz.com\/wp-content\/uploads\/2025\/09\/20250729_174400-768x576.jpg 768w, https:\/\/karyaotogaz.com\/wp-content\/uploads\/2025\/09\/20250729_174400-1536x1152.jpg 1536w, https:\/\/karyaotogaz.com\/wp-content\/uploads\/2025\/09\/20250729_174400-2048x1536.jpg 2048w\" sizes=\"auto, (max-width: 1024px) 100vw, 1024px\" \/><button\n\t\t\tclass=\"lightbox-trigger\"\n\t\t\ttype=\"button\"\n\t\t\taria-haspopup=\"dialog\"\n\t\t\taria-label=\"B\u00fcy\u00fct\"\n\t\t\tdata-wp-init=\"callbacks.initTriggerButton\"\n\t\t\tdata-wp-on-async--click=\"actions.showLightbox\"\n\t\t\tdata-wp-style--right=\"state.imageButtonRight\"\n\t\t\tdata-wp-style--top=\"state.imageButtonTop\"\n\t\t>\n\t\t\t<svg xmlns=\"http:\/\/www.w3.org\/2000\/svg\" width=\"12\" height=\"12\" fill=\"none\" viewBox=\"0 0 12 12\">\n\t\t\t\t<path fill=\"#fff\" d=\"M2 0a2 2 0 0 0-2 2v2h1.5V2a.5.5 0 0 1 .5-.5h2V0H2Zm2 10.5H2a.5.5 0 0 1-.5-.5V8H0v2a2 2 0 0 0 2 2h2v-1.5ZM8 12v-1.5h2a.5.5 0 0 0 .5-.5V8H12v2a2 2 0 0 1-2 2H8Zm2-12a2 2 0 0 1 2 2v2h-1.5V2a.5.5 0 0 0-.5-.5H8V0h2Z\" \/>\n\t\t\t<\/svg>\n\t\t<\/button><\/figure>\n<\/figure>\n\n\n\n<figure class=\"wp-block-gallery has-nested-images columns-default is-cropped wp-block-gallery-2 is-layout-flex wp-block-gallery-is-layout-flex\">\n<figure class=\"wp-block-image size-large\"><img loading=\"lazy\" decoding=\"async\" width=\"768\" height=\"1024\" data-id=\"13\" src=\"http:\/\/karyaotogaz.com\/wp-content\/uploads\/2025\/09\/20250729_175039-768x1024.jpg\" alt=\"\" class=\"wp-image-13\" srcset=\"https:\/\/karyaotogaz.com\/wp-content\/uploads\/2025\/09\/20250729_175039-768x1024.jpg 768w, https:\/\/karyaotogaz.com\/wp-content\/uploads\/2025\/09\/20250729_175039-225x300.jpg 225w, https:\/\/karyaotogaz.com\/wp-content\/uploads\/2025\/09\/20250729_175039-1152x1536.jpg 1152w, https:\/\/karyaotogaz.com\/wp-content\/uploads\/2025\/09\/20250729_175039-1536x2048.jpg 1536w, https:\/\/karyaotogaz.com\/wp-content\/uploads\/2025\/09\/20250729_175039-scaled.jpg 1920w\" sizes=\"auto, (max-width: 768px) 100vw, 768px\" \/><figcaption class=\"wp-element-caption\">Egzoz emisyonu Karya oto\u011faz<\/figcaption><\/figure>\n<\/figure>\n\n\n\n<div class=\"wp-block-media-text is-stacked-on-mobile\"><figure class=\"wp-block-media-text__media\"><img loading=\"lazy\" decoding=\"async\" width=\"768\" height=\"1024\" src=\"http:\/\/karyaotogaz.com\/wp-content\/uploads\/2025\/09\/20250729_174124-768x1024.jpg\" alt=\"\" class=\"wp-image-11 size-full\" srcset=\"https:\/\/karyaotogaz.com\/wp-content\/uploads\/2025\/09\/20250729_174124-768x1024.jpg 768w, https:\/\/karyaotogaz.com\/wp-content\/uploads\/2025\/09\/20250729_174124-225x300.jpg 225w, https:\/\/karyaotogaz.com\/wp-content\/uploads\/2025\/09\/20250729_174124-1152x1536.jpg 1152w, https:\/\/karyaotogaz.com\/wp-content\/uploads\/2025\/09\/20250729_174124-1536x2048.jpg 1536w, https:\/\/karyaotogaz.com\/wp-content\/uploads\/2025\/09\/20250729_174124-scaled.jpg 1920w\" sizes=\"auto, (max-width: 768px) 100vw, 768px\" \/><\/figure><div class=\"wp-block-media-text__content\">\n<p>Mu\u011fla Otogaz&#8217; Karya oto\u011faz sistemleri  L\u00fctfen bizimle ileti\u015fime ge\u00e7iniz.<\/p>\n<\/div><\/div>\n","protected":false},"excerpt":{"rendered":"<p>Mu\u011fla Sanayi&#8217;de bulunan Oto\u011faz sistemleri ,E\u011fzoz emisyon Oto\u011faz sistemleri yenileme tamir bak\u0131m servisi. Mu\u011fla Otogaz&#8217; Karya oto\u011faz sistemleri L\u00fctfen bizimle ileti\u015fime ge\u00e7iniz.<\/p>\n","protected":false},"author":1,"featured_media":0,"parent":0,"menu_order":0,"comment_status":"closed","ping_status":"closed","template":"","meta":{"footnotes":""},"class_list":["post-39","page","type-page","status-publish","hentry"],"_links":{"self":[{"href":"https:\/\/karyaotogaz.com\/index.php?rest_route=\/wp\/v2\/pages\/39","targetHints":{"allow":["GET"]}}],"collection":[{"href":"https:\/\/karyaotogaz.com\/index.php?rest_route=\/wp\/v2\/pages"}],"about":[{"href":"https:\/\/karyaotogaz.com\/index.php?rest_route=\/wp\/v2\/types\/page"}],"author":[{"embeddable":true,"href":"https:\/\/karyaotogaz.com\/index.php?rest_route=\/wp\/v2\/users\/1"}],"replies":[{"embeddable":true,"href":"https:\/\/karyaotogaz.com\/index.php?rest_route=%2Fwp%2Fv2%2Fcomments&post=39"}],"version-history":[{"count":7,"href":"https:\/\/karyaotogaz.com\/index.php?rest_route=\/wp\/v2\/pages\/39\/revisions"}],"predecessor-version":[{"id":50,"href":"https:\/\/karyaotogaz.com\/index.php?rest_route=\/wp\/v2\/pages\/39\/revisions\/50"}],"wp:attachment":[{"href":"https:\/\/karyaotogaz.com\/index.php?rest_route=%2Fwp%2Fv2%2Fmedia&parent=39"}],"curies":[{"name":"wp","href":"https:\/\/api.w.org\/{rel}","templated":true}]}}